{"id":3468,"date":"2024-09-18T13:44:05","date_gmt":"2024-09-18T17:44:05","guid":{"rendered":"https:\/\/clarifygroup.com\/who-we-help\/"},"modified":"2024-10-29T18:35:46","modified_gmt":"2024-10-29T22:35:46","slug":"qui-nous-aidons","status":"publish","type":"page","link":"https:\/\/clarifygroup.com\/fr\/qui-nous-aidons\/","title":{"rendered":"Qui nous aidons"},"content":{"rendered":"<h1>Qui nous aidons<\/h1>\n<div>Clarify travaille avec des constructeurs d\u2019automobiles et leurs r\u00e9seaux de concessionnaires, des concessions ind\u00e9pendantes, des associations sectorielles et des fournisseurs. Nous aidons les grands comme les petits acteurs du milieu automobile.<\/div>\n<p><img decoding=\"async\" src=\"\/wp-content\/uploads\/2024\/09\/arrow-outline-1.svg\" alt=\"\"><\/p>\n<ul>\n<li>\n<p>        <img decoding=\"async\" src=\"\/wp-content\/uploads\/2024\/09\/who-we-help-automakers.jpg\" alt=\"\"><\/p>\n<h3>Constructeurs d\u2019automobiles<\/h3>\n<div>Nous appuyons des marques tant de luxe que de grande consommation en introduisant dans leur exp\u00e9rience client de l\u2019innovation et une am\u00e9lioration mesurable.<\/div>\n<\/li>\n<li>\n<p>        <img decoding=\"async\" src=\"\/wp-content\/uploads\/2024\/09\/who-we-help-dealer-groups.jpg\" alt=\"\"><\/p>\n<h3>Groupes de concessionnaires<\/h3>\n<div>Nous aidons les concessions \u00e0 augmenter leurs taux de fid\u00e9lisation et de mobilisation des employ\u00e9s et des clients, afin d\u2019am\u00e9liorer leurs r\u00e9sultats financiers de fa\u00e7on durable.<\/div>\n<\/li>\n<li>\n<p>        <img decoding=\"async\" src=\"\/wp-content\/uploads\/2024\/09\/who-we-help-automotive-suppliers.jpg\" alt=\"\"><\/p>\n<h3>Fournisseurs automobiles<\/h3>\n<div>Nous proposons des strat\u00e9gies fond\u00e9es sur des donn\u00e9es afin d\u2019amener les fournisseurs \u00e0 mieux conna\u00eetre le march\u00e9, \u00e0 perfectionner leur gamme de produits et \u00e0 am\u00e9liorer leur strat\u00e9gie de commercialisation.<\/div>\n<\/li>\n<li>\n<p>        <img decoding=\"async\" src=\"\/wp-content\/uploads\/2024\/09\/who-we-help-industry-associations.jpg\" alt=\"\"><\/p>\n<h3>Associations sectorielles<\/h3>\n<div>Nous collaborons avec des associations nationales et r\u00e9gionales pour les aider \u00e0 mieux comprendre une industrie en rapide mutation. Il leur est ainsi possible de concevoir de meilleurs programmes et de mieux d\u00e9fendre les int\u00e9r\u00eats de leurs membres.<\/div>\n<\/li>\n<li>\n<p>        <img decoding=\"async\" src=\"\/wp-content\/uploads\/2024\/09\/who-we-help-government.jpg\" alt=\"\"><\/p>\n<h3>Gouvernement<\/h3>\n<div>Nos services de recherche et de consultation aident les organismes gouvernementaux \u00e0 prendre des d\u00e9cisions avis\u00e9es en mati\u00e8re de politiques et \u00e0 alimenter la croissance de l\u2019industrie.<\/div>\n<\/li>\n<\/ul>\n<ul>\n<li>\n<p><img decoding=\"async\" src=\"\/wp-content\/uploads\/2024\/09\/who-we-help-automakers.jpg\" alt=\"\"><\/p>\n<h3>Constructeurs d\u2019automobiles<\/h3>\n<div>Nous appuyons des marques tant de luxe que de grande consommation en introduisant dans leur exp\u00e9rience client de l\u2019innovation et une am\u00e9lioration mesurable.<\/div>\n<\/li>\n<li>\n<p><img decoding=\"async\" src=\"\/wp-content\/uploads\/2024\/09\/who-we-help-dealer-groups.jpg\" alt=\"\"><\/p>\n<h3>Groupes de concessionnaires<\/h3>\n<div>Nous aidons les concessions \u00e0 augmenter leurs taux de fid\u00e9lisation et de mobilisation des employ\u00e9s et des clients, afin d\u2019am\u00e9liorer leurs r\u00e9sultats financiers de fa\u00e7on durable.<\/div>\n<\/li>\n<li>\n<p><img decoding=\"async\" src=\"\/wp-content\/uploads\/2024\/09\/who-we-help-automotive-suppliers.jpg\" alt=\"\"><\/p>\n<h3>Fournisseurs automobiles<\/h3>\n<div>Nous proposons des strat\u00e9gies fond\u00e9es sur des donn\u00e9es afin d\u2019amener les fournisseurs \u00e0 mieux conna\u00eetre le march\u00e9, \u00e0 perfectionner leur gamme de produits et \u00e0 am\u00e9liorer leur strat\u00e9gie de commercialisation.<\/div>\n<\/li>\n<li>\n<p><img decoding=\"async\" src=\"\/wp-content\/uploads\/2024\/09\/who-we-help-industry-associations.jpg\" alt=\"\"><\/p>\n<h3>Associations sectorielles<\/h3>\n<div>Nous collaborons avec des associations nationales et r\u00e9gionales pour les aider \u00e0 mieux comprendre une industrie en rapide mutation. Il leur est ainsi possible de concevoir de meilleurs programmes et de mieux d\u00e9fendre les int\u00e9r\u00eats de leurs membres.<\/div>\n<\/li>\n<li>\n<p><img decoding=\"async\" src=\"\/wp-content\/uploads\/2024\/09\/who-we-help-government.jpg\" alt=\"\"><\/p>\n<h3>Gouvernement<\/h3>\n<div>Nos services de recherche et de consultation aident les organismes gouvernementaux \u00e0 prendre des d\u00e9cisions avis\u00e9es en mati\u00e8re de politiques et \u00e0 alimenter la croissance de l\u2019industrie.<\/div>\n<\/li>\n<\/ul>\n<h2>Tout commence par une conversation<\/h2>\n<div>Nous aimerions savoir quels d\u00e9fis vous devez relever et voir comment nous pouvons vous aider.<\/div>\n<p>\n    <a href=\"\/fr\/coordonnees\/#form\">Nous joinder<\/a>\n<\/p>\n<p><!--more--><br \/>\n<!-- {\"type\":\"layout\",\"children\":[{\"type\":\"section\",\"props\":{\"class\":\"banner-mask\",\"divider_color\":\"#FFFFFF\",\"divider_color_inherit_section\":false,\"divider_flip\":true,\"divider_height\":\"120\",\"divider_invert\":true,\"divider_layers_gap\":\"5\",\"divider_layers_opacity\":\"0.5\",\"divider_position\":\"bottom\",\"divider_responsive\":true,\"divider_shadow_blur_radius\":\"5\",\"divider_shadow_color\":\"#00000080\",\"divider_shadow_offset_x\":\"0\",\"divider_shadow_offset_y\":\"5\",\"divider_shape_custom\":\"<polygon points=\\\"864,65 864,0 0,0 0,212.8 140,252 728.4,200.1 \\\"\\\/>\",\"divider_width\":\"100\",\"image\":\"wp-content\\\/uploads\\\/2024\\\/10\\\/banner-who-we-help.jpg\",\"image_position\":\"center-center\",\"media_background\":\"#0E607F\",\"media_blend_mode\":\"luminosity\",\"media_overlay_gradient\":\"linear-gradient(180deg, rgba(24,167,221,0.8) 0%, rgba(14,100,133,0.95) 75%);\",\"padding_custom_bottom\":\"70\",\"padding_custom_top\":\"70\",\"padding_remove_top\":false,\"style\":\"primary\",\"style_custom_color\":\"#ccc\",\"title_breakpoint\":\"xl\",\"title_position\":\"top-left\",\"title_rotation\":\"left\",\"vertical_align\":\"middle\",\"width\":\"default\"},\"children\":[{\"type\":\"row\",\"children\":[{\"type\":\"column\",\"props\":{\"class\":\"banner-content\",\"image_position\":\"center-center\",\"position_sticky_breakpoint\":\"m\",\"width_medium\":\"expand\",\"width_small\":\"expand\"},\"children\":[{\"type\":\"headline\",\"props\":{\"class\":\"banner-heading\",\"content\":\"Qui nous aidons\",\"maxwidth\":\"2xlarge\",\"title_element\":\"h1\"}},{\"type\":\"text\",\"props\":{\"class\":\"banner-subheading\",\"column_breakpoint\":\"m\",\"content\":\"Clarify travaille avec des constructeurs d\\u2019automobiles et leurs r\\u00e9seaux de concessionnaires, des concessions ind\\u00e9pendantes, des associations sectorielles et des fournisseurs. Nous aidons les grands comme les petits acteurs du milieu automobile.\",\"margin\":\"\",\"maxwidth\":\"2xlarge\",\"text_style\":\"large\"}}]},{\"type\":\"column\",\"props\":{\"class\":\"banner-arrow\",\"image_position\":\"center-center\",\"position_sticky_breakpoint\":\"m\",\"vertical_align\":\"bottom\",\"width_medium\":\"auto\",\"width_small\":\"medium\"},\"children\":[{\"type\":\"image\",\"props\":{\"animation\":\"parallax\",\"blend\":false,\"class\":\"banner-image\",\"image\":\"wp-content\\\/uploads\\\/2024\\\/09\\\/arrow-outline-1.svg\",\"image_height\":400,\"image_svg_color\":\"emphasis\",\"margin\":\"default\",\"parallax_easing\":\"-1\",\"parallax_opacity\":\"1 50%,0\",\"parallax_scale\":\"0.25,1\",\"parallax_y\":\"-50,150\",\"parallax_zindex\":false,\"position_right\":\"100\",\"position_top\":\"150\",\"position_z_index\":\"3\"}}]}],\"props\":{\"class\":\"banner-row\",\"layout\":\"expand,large\"}}],\"name\":\"Banner\"},{\"type\":\"section\",\"props\":{\"divider_height\":\"120\",\"divider_layers_gap\":\"5\",\"divider_layers_opacity\":\"0.5\",\"divider_position\":\"top\",\"divider_responsive\":true,\"divider_shadow_blur_radius\":\"5\",\"divider_shadow_color\":\"#00000080\",\"divider_shadow_offset_x\":\"0\",\"divider_shadow_offset_y\":\"5\",\"divider_width\":\"100\",\"image_position\":\"center-center\",\"padding\":\"large\",\"padding_custom_bottom\":\"70\",\"padding_custom_top\":\"70\",\"style\":\"default\",\"style_custom_color\":\"#ccc\",\"title_breakpoint\":\"xl\",\"title_position\":\"top-left\",\"title_rotation\":\"left\",\"vertical_align\":\"middle\",\"width\":\"small\"},\"children\":[{\"type\":\"row\",\"children\":[{\"type\":\"column\",\"props\":{\"image_position\":\"center-center\",\"position_sticky_breakpoint\":\"m\"},\"children\":[{\"type\":\"switcher\",\"props\":{\"content_column_breakpoint\":\"m\",\"content_margin\":\"small\",\"css\":\".el-image {\\n    -webkit-mask-image: linear-gradient(90deg, transparent, #000000);\\n\\tmask-image: linear-gradient(90deg, transparent, #000000);\\n}\",\"image_align\":\"right\",\"image_grid_breakpoint\":\"m\",\"image_grid_width\":\"1-2\",\"image_svg_color\":\"emphasis\",\"image_vertical_align\":true,\"link_style\":\"default\",\"link_text\":\"Read more\",\"margin\":\"default\",\"margin_remove_top\":false,\"meta_align\":\"below-title\",\"meta_element\":\"div\",\"meta_style\":\"text-meta\",\"nav\":\"tab\",\"nav_align\":\"left\",\"nav_grid_breakpoint\":\"m\",\"nav_grid_width\":\"auto\",\"nav_position\":\"top\",\"show_content\":true,\"show_image\":true,\"show_label\":true,\"show_link\":true,\"show_meta\":true,\"show_thumbnail\":true,\"show_title\":true,\"switcher_animation\":\"fade\",\"switcher_height\":false,\"thumbnav_height\":\"75\",\"thumbnav_svg_color\":\"emphasis\",\"thumbnav_width\":\"100\",\"title_align\":\"top\",\"title_element\":\"h3\",\"title_grid_breakpoint\":\"m\",\"title_grid_width\":\"1-2\",\"visibility\":\"l\"},\"children\":[{\"type\":\"switcher_item\",\"props\":{\"content\":\"Nous appuyons des marques tant de luxe que de grande consommation en introduisant dans leur exp\\u00e9rience client de l\\u2019innovation et une am\\u00e9lioration mesurable.\",\"image\":\"wp-content\\\/uploads\\\/2024\\\/09\\\/who-we-help-automakers.jpg\",\"title\":\"Constructeurs d\\u2019automobiles\"}},{\"type\":\"switcher_item\",\"props\":{\"content\":\"Nous aidons les concessions \\u00e0 augmenter leurs taux de fid\\u00e9lisation et de mobilisation des employ\\u00e9s et des clients, afin d\\u2019am\\u00e9liorer leurs r\\u00e9sultats financiers de fa\\u00e7on durable.\",\"image\":\"wp-content\\\/uploads\\\/2024\\\/09\\\/who-we-help-dealer-groups.jpg\",\"title\":\"Groupes de concessionnaires\"}},{\"type\":\"switcher_item\",\"props\":{\"content\":\"Nous proposons des strat\\u00e9gies fond\\u00e9es sur des donn\\u00e9es afin d\\u2019amener les fournisseurs \\u00e0 mieux conna\\u00eetre le march\\u00e9, \\u00e0 perfectionner leur gamme de produits et \\u00e0 am\\u00e9liorer leur strat\\u00e9gie de commercialisation.\",\"image\":\"wp-content\\\/uploads\\\/2024\\\/09\\\/who-we-help-automotive-suppliers.jpg\",\"title\":\"Fournisseurs automobiles\"}},{\"type\":\"switcher_item\",\"props\":{\"content\":\"Nous collaborons avec des associations nationales et r\\u00e9gionales pour les aider \\u00e0 mieux comprendre une industrie en rapide mutation. Il leur est ainsi possible de concevoir de meilleurs programmes et de mieux d\\u00e9fendre les int\\u00e9r\\u00eats de leurs membres.\",\"image\":\"wp-content\\\/uploads\\\/2024\\\/09\\\/who-we-help-industry-associations.jpg\",\"title\":\"Associations sectorielles\"}},{\"type\":\"switcher_item\",\"props\":{\"content\":\"Nos services de recherche et de consultation aident les organismes gouvernementaux \\u00e0 prendre des d\\u00e9cisions avis\\u00e9es en mati\\u00e8re de politiques et \\u00e0 alimenter la croissance de l\\u2019industrie.\",\"image\":\"wp-content\\\/uploads\\\/2024\\\/09\\\/who-we-help-government.jpg\",\"title\":\"Gouvernement\"}}]},{\"type\":\"grid\",\"props\":{\"content_column_breakpoint\":\"m\",\"filter_align\":\"left\",\"filter_all\":true,\"filter_grid_breakpoint\":\"m\",\"filter_grid_width\":\"auto\",\"filter_position\":\"top\",\"filter_style\":\"tab\",\"grid_column_gap\":\"large\",\"grid_default\":\"1\",\"grid_medium\":\"2\",\"grid_row_gap\":\"large\",\"grid_small\":\"2\",\"icon_width\":80,\"image_align\":\"top\",\"image_grid_breakpoint\":\"m\",\"image_grid_width\":\"1-2\",\"image_svg_color\":\"emphasis\",\"image_vertical_align\":true,\"item_animation\":true,\"link_style\":\"default\",\"link_text\":\"Read more\",\"margin\":\"default\",\"margin_remove_top\":false,\"meta_align\":\"below-title\",\"meta_element\":\"div\",\"meta_style\":\"text-meta\",\"panel_image_no_padding\":true,\"panel_padding\":\"default\",\"panel_style\":\"card-default\",\"show_content\":true,\"show_image\":true,\"show_link\":true,\"show_meta\":true,\"show_title\":true,\"title_align\":\"top\",\"title_element\":\"h3\",\"title_grid_breakpoint\":\"m\",\"title_grid_width\":\"1-2\",\"title_hover_style\":\"reset\",\"visibility\":\"hidden-l\"},\"children\":[{\"type\":\"grid_item\",\"props\":{\"content\":\"Nous appuyons des marques tant de luxe que de grande consommation en introduisant dans leur exp\\u00e9rience client de l\\u2019innovation et une am\\u00e9lioration mesurable.\",\"image\":\"wp-content\\\/uploads\\\/2024\\\/09\\\/who-we-help-automakers.jpg\",\"title\":\"Constructeurs d\\u2019automobiles\"}},{\"type\":\"grid_item\",\"props\":{\"content\":\"Nous aidons les concessions \\u00e0 augmenter leurs taux de fid\\u00e9lisation et de mobilisation des employ\\u00e9s et des clients, afin d\\u2019am\\u00e9liorer leurs r\\u00e9sultats financiers de fa\\u00e7on durable.\",\"image\":\"wp-content\\\/uploads\\\/2024\\\/09\\\/who-we-help-dealer-groups.jpg\",\"title\":\"Groupes de concessionnaires\"}},{\"type\":\"grid_item\",\"props\":{\"content\":\"Nous proposons des strat\\u00e9gies fond\\u00e9es sur des donn\\u00e9es afin d\\u2019amener les fournisseurs \\u00e0 mieux conna\\u00eetre le march\\u00e9, \\u00e0 perfectionner leur gamme de produits et \\u00e0 am\\u00e9liorer leur strat\\u00e9gie de commercialisation.\",\"image\":\"wp-content\\\/uploads\\\/2024\\\/09\\\/who-we-help-automotive-suppliers.jpg\",\"title\":\"Fournisseurs automobiles\"}},{\"type\":\"grid_item\",\"props\":{\"content\":\"Nous collaborons avec des associations nationales et r\\u00e9gionales pour les aider \\u00e0 mieux comprendre une industrie en rapide mutation. Il leur est ainsi possible de concevoir de meilleurs programmes et de mieux d\\u00e9fendre les int\\u00e9r\\u00eats de leurs membres.\",\"image\":\"wp-content\\\/uploads\\\/2024\\\/09\\\/who-we-help-industry-associations.jpg\",\"title\":\"Associations sectorielles\"}},{\"type\":\"grid_item\",\"props\":{\"content\":\"Nos services de recherche et de consultation aident les organismes gouvernementaux \\u00e0 prendre des d\\u00e9cisions avis\\u00e9es en mati\\u00e8re de politiques et \\u00e0 alimenter la croissance de l\\u2019industrie.\",\"image\":\"wp-content\\\/uploads\\\/2024\\\/09\\\/who-we-help-government.jpg\",\"title\":\"Gouvernement\"}}]}]}],\"props\":{\"row_gap\":\"large\"}}],\"name\":\"Content\"},{\"type\":\"section\",\"props\":{\"divider_color\":\"#FFFFFF\",\"divider_color_inherit_section\":false,\"divider_flip\":true,\"divider_height\":\"60\",\"divider_invert\":true,\"divider_layers_gap\":\"5\",\"divider_layers_opacity\":\"0.5\",\"divider_position\":\"top\",\"divider_responsive\":false,\"divider_shadow_blur_radius\":\"5\",\"divider_shadow_color\":\"#00000080\",\"divider_shadow_offset_x\":\"0\",\"divider_shadow_offset_y\":\"5\",\"divider_shape\":\"triangle-asymmetrical\",\"divider_width\":\"100\",\"image\":\"wp-content\\\/uploads\\\/2024\\\/09\\\/background-cta.jpg\",\"image_effect\":\"parallax\",\"image_parallax_bgy\":\"-100,100\",\"image_position\":\"center-center\",\"media_background\":\"#17A0D4\",\"media_blend_mode\":\"luminosity\",\"media_focal_point\":\"bottom-center\",\"media_overlay_gradient\":\"linear-gradient(180deg, rgba(24,167,221,0.5) 0%, rgba(14,100,133,0.75) 75%);\",\"padding\":\"custom\",\"padding_custom_bottom\":\"70\",\"padding_custom_top\":\"120\",\"preserve_color\":false,\"style\":\"default\",\"style_custom_color\":\"#ccc\",\"title_breakpoint\":\"xl\",\"title_position\":\"top-left\",\"title_rotation\":\"left\",\"vertical_align\":\"middle\",\"width\":\"small\"},\"children\":[{\"type\":\"row\",\"children\":[{\"type\":\"column\",\"props\":{\"image_position\":\"center-center\",\"position_sticky_breakpoint\":\"m\",\"text_color\":\"light\",\"vertical_align\":\"middle\",\"width_medium\":\"expand\",\"width_small\":\"expand\"},\"children\":[{\"type\":\"headline\",\"props\":{\"content\":\"Tout commence par une conversation\",\"title_element\":\"h2\"}},{\"type\":\"text\",\"props\":{\"column_breakpoint\":\"m\",\"content\":\"Nous aimerions savoir quels d\\u00e9fis vous devez relever et voir comment nous pouvons vous aider.\",\"margin\":\"default\",\"text_style\":\"lead\"}}]},{\"type\":\"column\",\"props\":{\"image_position\":\"center-center\",\"position_sticky_breakpoint\":\"m\",\"preserve_color\":false,\"vertical_align\":\"middle\",\"width_medium\":\"auto\",\"width_small\":\"auto\"},\"children\":[{\"type\":\"button\",\"props\":{\"button_size\":\"large\",\"class\":\"uk-preserve-color\",\"grid_column_gap\":\"small\",\"grid_row_gap\":\"small\",\"margin\":\"default\"},\"children\":[{\"type\":\"button_item\",\"props\":{\"button_style\":\"primary\",\"content\":\"Nous joinder\",\"icon_align\":\"left\",\"link\":\"fr\\\/coordonnees\\\/#form\"}}]}]}],\"props\":{\"column_gap\":\"large\",\"layout\":\"expand,large\",\"row_gap\":\"large\"}}],\"name\":\"CTA\"}],\"version\":\"4.4.10\",\"yooessentialsVersion\":\"2.2.23\"} --><\/p>\n","protected":false},"excerpt":{"rendered":"<p>Qui nous aidons Clarify travaille avec des constructeurs d\u2019automobiles et leurs r\u00e9seaux de concessionnaires, des concessions ind\u00e9pendantes, des associations sectorielles et des fournisseurs. Nous aidons les grands comme les petits acteurs du milieu automobile. Constructeurs&nbsp;&hellip;<\/p>\n","protected":false},"author":1,"featured_media":0,"parent":0,"menu_order":1,"comment_status":"closed","ping_status":"closed","template":"","meta":{"_acf_changed":false,"footnotes":""},"class_list":["post-3468","page","type-page","status-publish","hentry"],"acf":[],"yoast_head":"<!-- This site is optimized with the Yoast SEO plugin v23.7 - https:\/\/yoast.com\/wordpress\/plugins\/seo\/ -->\n<title>Consumer Insights - Data - Analytics - Advisory Services - Consulting Services - Research Services - Clarify Group<\/title>\n<meta name=\"description\" content=\"Understand the forces and trends re-shaping the automotive industry. Learn how will these forces impact your business.\" \/>\n<meta name=\"robots\" content=\"index, follow, max-snippet:-1, max-image-preview:large, max-video-preview:-1\" \/>\n<link rel=\"canonical\" href=\"https:\/\/clarifygroup.com\/fr\/qui-nous-aidons\/\" \/>\n<meta property=\"og:locale\" content=\"fr_FR\" \/>\n<meta property=\"og:type\" content=\"article\" \/>\n<meta property=\"og:title\" content=\"Consumer Insights - Data - Analytics - Advisory Services - Consulting Services - Research Services - Clarify Group\" \/>\n<meta property=\"og:description\" content=\"Understand the forces and trends re-shaping the automotive industry. Learn how will these forces impact your business.\" \/>\n<meta property=\"og:url\" content=\"https:\/\/clarifygroup.com\/fr\/qui-nous-aidons\/\" \/>\n<meta property=\"og:site_name\" content=\"Clarify Group\" \/>\n<meta property=\"article:modified_time\" content=\"2024-10-29T22:35:46+00:00\" \/>\n<meta name=\"twitter:card\" content=\"summary_large_image\" \/>\n<meta name=\"twitter:label1\" content=\"Dur\u00e9e de lecture estim\u00e9e\" \/>\n\t<meta name=\"twitter:data1\" content=\"3 minutes\" \/>\n<script type=\"application\/ld+json\" class=\"yoast-schema-graph\">{\"@context\":\"https:\/\/schema.org\",\"@graph\":[{\"@type\":\"WebPage\",\"@id\":\"https:\/\/clarifygroup.com\/fr\/qui-nous-aidons\/\",\"url\":\"https:\/\/clarifygroup.com\/fr\/qui-nous-aidons\/\",\"name\":\"Consumer Insights - Data - Analytics - Advisory Services - Consulting Services - Research Services - Clarify Group\",\"isPartOf\":{\"@id\":\"https:\/\/clarifygroup.com\/fr\/#website\"},\"datePublished\":\"2024-09-18T17:44:05+00:00\",\"dateModified\":\"2024-10-29T22:35:46+00:00\",\"description\":\"Understand the forces and trends re-shaping the automotive industry. Learn how will these forces impact your business.\",\"breadcrumb\":{\"@id\":\"https:\/\/clarifygroup.com\/fr\/qui-nous-aidons\/#breadcrumb\"},\"inLanguage\":\"fr-FR\",\"potentialAction\":[{\"@type\":\"ReadAction\",\"target\":[\"https:\/\/clarifygroup.com\/fr\/qui-nous-aidons\/\"]}]},{\"@type\":\"BreadcrumbList\",\"@id\":\"https:\/\/clarifygroup.com\/fr\/qui-nous-aidons\/#breadcrumb\",\"itemListElement\":[{\"@type\":\"ListItem\",\"position\":1,\"name\":\"Home\",\"item\":\"https:\/\/clarifygroup.com\/fr\/\"},{\"@type\":\"ListItem\",\"position\":2,\"name\":\"Qui nous aidons\"}]},{\"@type\":\"WebSite\",\"@id\":\"https:\/\/clarifygroup.com\/fr\/#website\",\"url\":\"https:\/\/clarifygroup.com\/fr\/\",\"name\":\"Clarify Group\",\"description\":\"\",\"publisher\":{\"@id\":\"https:\/\/clarifygroup.com\/fr\/#organization\"},\"potentialAction\":[{\"@type\":\"SearchAction\",\"target\":{\"@type\":\"EntryPoint\",\"urlTemplate\":\"https:\/\/clarifygroup.com\/fr\/?s={search_term_string}\"},\"query-input\":{\"@type\":\"PropertyValueSpecification\",\"valueRequired\":true,\"valueName\":\"search_term_string\"}}],\"inLanguage\":\"fr-FR\"},{\"@type\":\"Organization\",\"@id\":\"https:\/\/clarifygroup.com\/fr\/#organization\",\"name\":\"Clarify Group\",\"url\":\"https:\/\/clarifygroup.com\/fr\/\",\"logo\":{\"@type\":\"ImageObject\",\"inLanguage\":\"fr-FR\",\"@id\":\"https:\/\/clarifygroup.com\/fr\/#\/schema\/logo\/image\/\",\"url\":\"https:\/\/clarifygroup.com\/wp-content\/uploads\/2021\/03\/logo-clarify.jpg\",\"contentUrl\":\"https:\/\/clarifygroup.com\/wp-content\/uploads\/2021\/03\/logo-clarify.jpg\",\"width\":1200,\"height\":630,\"caption\":\"Clarify Group\"},\"image\":{\"@id\":\"https:\/\/clarifygroup.com\/fr\/#\/schema\/logo\/image\/\"}}]}<\/script>\n<!-- \/ Yoast SEO plugin. -->","yoast_head_json":{"title":"Consumer Insights - Data - Analytics - Advisory Services - Consulting Services - Research Services - Clarify Group","description":"Understand the forces and trends re-shaping the automotive industry. Learn how will these forces impact your business.","robots":{"index":"index","follow":"follow","max-snippet":"max-snippet:-1","max-image-preview":"max-image-preview:large","max-video-preview":"max-video-preview:-1"},"canonical":"https:\/\/clarifygroup.com\/fr\/qui-nous-aidons\/","og_locale":"fr_FR","og_type":"article","og_title":"Consumer Insights - Data - Analytics - Advisory Services - Consulting Services - Research Services - Clarify Group","og_description":"Understand the forces and trends re-shaping the automotive industry. Learn how will these forces impact your business.","og_url":"https:\/\/clarifygroup.com\/fr\/qui-nous-aidons\/","og_site_name":"Clarify Group","article_modified_time":"2024-10-29T22:35:46+00:00","twitter_card":"summary_large_image","twitter_misc":{"Dur\u00e9e de lecture estim\u00e9e":"3 minutes"},"schema":{"@context":"https:\/\/schema.org","@graph":[{"@type":"WebPage","@id":"https:\/\/clarifygroup.com\/fr\/qui-nous-aidons\/","url":"https:\/\/clarifygroup.com\/fr\/qui-nous-aidons\/","name":"Consumer Insights - Data - Analytics - Advisory Services - Consulting Services - Research Services - Clarify Group","isPartOf":{"@id":"https:\/\/clarifygroup.com\/fr\/#website"},"datePublished":"2024-09-18T17:44:05+00:00","dateModified":"2024-10-29T22:35:46+00:00","description":"Understand the forces and trends re-shaping the automotive industry. Learn how will these forces impact your business.","breadcrumb":{"@id":"https:\/\/clarifygroup.com\/fr\/qui-nous-aidons\/#breadcrumb"},"inLanguage":"fr-FR","potentialAction":[{"@type":"ReadAction","target":["https:\/\/clarifygroup.com\/fr\/qui-nous-aidons\/"]}]},{"@type":"BreadcrumbList","@id":"https:\/\/clarifygroup.com\/fr\/qui-nous-aidons\/#breadcrumb","itemListElement":[{"@type":"ListItem","position":1,"name":"Home","item":"https:\/\/clarifygroup.com\/fr\/"},{"@type":"ListItem","position":2,"name":"Qui nous aidons"}]},{"@type":"WebSite","@id":"https:\/\/clarifygroup.com\/fr\/#website","url":"https:\/\/clarifygroup.com\/fr\/","name":"Clarify Group","description":"","publisher":{"@id":"https:\/\/clarifygroup.com\/fr\/#organization"},"potentialAction":[{"@type":"SearchAction","target":{"@type":"EntryPoint","urlTemplate":"https:\/\/clarifygroup.com\/fr\/?s={search_term_string}"},"query-input":{"@type":"PropertyValueSpecification","valueRequired":true,"valueName":"search_term_string"}}],"inLanguage":"fr-FR"},{"@type":"Organization","@id":"https:\/\/clarifygroup.com\/fr\/#organization","name":"Clarify Group","url":"https:\/\/clarifygroup.com\/fr\/","logo":{"@type":"ImageObject","inLanguage":"fr-FR","@id":"https:\/\/clarifygroup.com\/fr\/#\/schema\/logo\/image\/","url":"https:\/\/clarifygroup.com\/wp-content\/uploads\/2021\/03\/logo-clarify.jpg","contentUrl":"https:\/\/clarifygroup.com\/wp-content\/uploads\/2021\/03\/logo-clarify.jpg","width":1200,"height":630,"caption":"Clarify Group"},"image":{"@id":"https:\/\/clarifygroup.com\/fr\/#\/schema\/logo\/image\/"}}]}},"_links":{"self":[{"href":"https:\/\/clarifygroup.com\/fr\/wp-json\/wp\/v2\/pages\/3468"}],"collection":[{"href":"https:\/\/clarifygroup.com\/fr\/wp-json\/wp\/v2\/pages"}],"about":[{"href":"https:\/\/clarifygroup.com\/fr\/wp-json\/wp\/v2\/types\/page"}],"author":[{"embeddable":true,"href":"https:\/\/clarifygroup.com\/fr\/wp-json\/wp\/v2\/users\/1"}],"replies":[{"embeddable":true,"href":"https:\/\/clarifygroup.com\/fr\/wp-json\/wp\/v2\/comments?post=3468"}],"version-history":[{"count":10,"href":"https:\/\/clarifygroup.com\/fr\/wp-json\/wp\/v2\/pages\/3468\/revisions"}],"predecessor-version":[{"id":3551,"href":"https:\/\/clarifygroup.com\/fr\/wp-json\/wp\/v2\/pages\/3468\/revisions\/3551"}],"wp:attachment":[{"href":"https:\/\/clarifygroup.com\/fr\/wp-json\/wp\/v2\/media?parent=3468"}],"curies":[{"name":"wp","href":"https:\/\/api.w.org\/{rel}","templated":true}]}}